{"id":1262,"date":"2017-08-12T21:30:31","date_gmt":"2017-08-12T21:30:31","guid":{"rendered":"https:\/\/overseashost.com\/?page_id=1262"},"modified":"2018-04-18T22:15:40","modified_gmt":"2018-04-18T22:15:40","slug":"website-builder","status":"publish","type":"page","link":"https:\/\/overseashost.com\/es\/website-builder\/","title":{"rendered":"(English) Website Builder"},"content":{"rendered":"<p class=\"qtranxs-available-languages-message qtranxs-available-languages-message-es\">Disculpa, pero esta entrada est\u00e1 disponible s\u00f3lo en <a href=\"https:\/\/overseashost.com\/en\/wp-json\/wp\/v2\/pages\/1262\" class=\"qtranxs-available-language-link qtranxs-available-language-link-en\" title=\"English\">Ingl\u00e9s Estadounidense<\/a>.<\/p>","protected":false},"excerpt":{"rendered":"<p>Disculpa, pero esta entrada est\u00e1 disponible s\u00f3lo en Ingl\u00e9s Estadounidense.<\/p>\n","protected":false},"author":1,"featured_media":1821,"parent":0,"menu_order":0,"comment_status":"closed","ping_status":"closed","template":"frontpage.php","meta":[],"yoast_head":"<!-- This site is optimized with the Yoast SEO plugin v20.6 - https:\/\/yoast.com\/wordpress\/plugins\/seo\/ -->\n<title>Website Builder - OverseasHost, One-stop-shop for Webhosting<\/title>\n<meta name=\"description\" content=\"Easy to use Website Builder \u2713 Choose from 175 themes &amp; 85,000 images \u2713 Easy Editing with a Drag &amp; Drop Interface \u2713 Go Live Instantly - Publish your website\" \/>\n<meta name=\"robots\" content=\"noindex, follow, max-snippet:-1, max-image-preview:large, max-video-preview:-1\" \/>\n<meta property=\"og:locale\" content=\"es_ES\" \/>\n<meta property=\"og:type\" content=\"article\" \/>\n<meta property=\"og:title\" content=\"Website Builder - OverseasHost, One-stop-shop for Webhosting\" \/>\n<meta property=\"og:description\" content=\"Easy to use Website Builder \u2713 Choose from 175 themes &amp; 85,000 images \u2713 Easy Editing with a Drag &amp; Drop Interface \u2713 Go Live Instantly - Publish your website\" \/>\n<meta property=\"og:url\" content=\"https:\/\/overseashost.com\/website-builder\/\" \/>\n<meta property=\"og:site_name\" content=\"OverseasHost\" \/>\n<meta property=\"article:modified_time\" content=\"2018-04-18T22:15:40+00:00\" \/>\n<meta property=\"og:image\" content=\"https:\/\/overseashost.com\/wp-content\/uploads\/2017\/08\/OverseasHost-Website-Builder.jpg\" \/>\n\t<meta property=\"og:image:width\" content=\"388\" \/>\n\t<meta property=\"og:image:height\" content=\"280\" \/>\n\t<meta property=\"og:image:type\" content=\"image\/jpeg\" \/>\n<meta name=\"twitter:card\" content=\"summary_large_image\" \/>\n<meta name=\"twitter:label1\" content=\"Tiempo de lectura\" \/>\n\t<meta name=\"twitter:data1\" content=\"3 minutos\" \/>\n<script type=\"application\/ld+json\" class=\"yoast-schema-graph\">{\"@context\":\"https:\/\/schema.org\",\"@graph\":[{\"@type\":\"WebPage\",\"@id\":\"https:\/\/overseashost.com\/website-builder\/\",\"url\":\"https:\/\/overseashost.com\/website-builder\/\",\"name\":\"Website Builder - OverseasHost, One-stop-shop for Webhosting\",\"isPartOf\":{\"@id\":\"https:\/\/overseashost.com\/#website\"},\"datePublished\":\"2017-08-12T21:30:31+00:00\",\"dateModified\":\"2018-04-18T22:15:40+00:00\",\"description\":\"Easy to use Website Builder \u2713 Choose from 175 themes & 85,000 images \u2713 Easy Editing with a Drag & Drop Interface \u2713 Go Live Instantly - Publish your website\",\"breadcrumb\":{\"@id\":\"https:\/\/overseashost.com\/website-builder\/#breadcrumb\"},\"inLanguage\":\"es\",\"potentialAction\":[{\"@type\":\"ReadAction\",\"target\":[\"https:\/\/overseashost.com\/website-builder\/\"]}]},{\"@type\":\"BreadcrumbList\",\"@id\":\"https:\/\/overseashost.com\/website-builder\/#breadcrumb\",\"itemListElement\":[{\"@type\":\"ListItem\",\"position\":1,\"name\":\"Home\",\"item\":\"https:\/\/overseashost.com\/\"},{\"@type\":\"ListItem\",\"position\":2,\"name\":\"Website Builder\"}]},{\"@type\":\"WebSite\",\"@id\":\"https:\/\/overseashost.com\/#website\",\"url\":\"https:\/\/overseashost.com\/\",\"name\":\"OverseasHost\",\"description\":\"OverseasHost Online solutions\",\"potentialAction\":[{\"@type\":\"SearchAction\",\"target\":{\"@type\":\"EntryPoint\",\"urlTemplate\":\"https:\/\/overseashost.com\/?s={search_term_string}\"},\"query-input\":\"required name=search_term_string\"}],\"inLanguage\":\"es\"}]}<\/script>\n<!-- \/ Yoast SEO plugin. -->","yoast_head_json":{"title":"Website Builder - OverseasHost, One-stop-shop for Webhosting","description":"Easy to use Website Builder \u2713 Choose from 175 themes & 85,000 images \u2713 Easy Editing with a Drag & Drop Interface \u2713 Go Live Instantly - Publish your website","robots":{"index":"noindex","follow":"follow","max-snippet":"max-snippet:-1","max-image-preview":"max-image-preview:large","max-video-preview":"max-video-preview:-1"},"og_locale":"es_ES","og_type":"article","og_title":"Website Builder - OverseasHost, One-stop-shop for Webhosting","og_description":"Easy to use Website Builder \u2713 Choose from 175 themes & 85,000 images \u2713 Easy Editing with a Drag & Drop Interface \u2713 Go Live Instantly - Publish your website","og_url":"https:\/\/overseashost.com\/website-builder\/","og_site_name":"OverseasHost","article_modified_time":"2018-04-18T22:15:40+00:00","og_image":[{"width":388,"height":280,"url":"https:\/\/overseashost.com\/wp-content\/uploads\/2017\/08\/OverseasHost-Website-Builder.jpg","type":"image\/jpeg"}],"twitter_card":"summary_large_image","twitter_misc":{"Tiempo de lectura":"3 minutos"},"schema":{"@context":"https:\/\/schema.org","@graph":[{"@type":"WebPage","@id":"https:\/\/overseashost.com\/website-builder\/","url":"https:\/\/overseashost.com\/website-builder\/","name":"Website Builder - OverseasHost, One-stop-shop for Webhosting","isPartOf":{"@id":"https:\/\/overseashost.com\/#website"},"datePublished":"2017-08-12T21:30:31+00:00","dateModified":"2018-04-18T22:15:40+00:00","description":"Easy to use Website Builder \u2713 Choose from 175 themes & 85,000 images \u2713 Easy Editing with a Drag & Drop Interface \u2713 Go Live Instantly - Publish your website","breadcrumb":{"@id":"https:\/\/overseashost.com\/website-builder\/#breadcrumb"},"inLanguage":"es","potentialAction":[{"@type":"ReadAction","target":["https:\/\/overseashost.com\/website-builder\/"]}]},{"@type":"BreadcrumbList","@id":"https:\/\/overseashost.com\/website-builder\/#breadcrumb","itemListElement":[{"@type":"ListItem","position":1,"name":"Home","item":"https:\/\/overseashost.com\/"},{"@type":"ListItem","position":2,"name":"Website Builder"}]},{"@type":"WebSite","@id":"https:\/\/overseashost.com\/#website","url":"https:\/\/overseashost.com\/","name":"OverseasHost","description":"OverseasHost Online solutions","potentialAction":[{"@type":"SearchAction","target":{"@type":"EntryPoint","urlTemplate":"https:\/\/overseashost.com\/?s={search_term_string}"},"query-input":"required name=search_term_string"}],"inLanguage":"es"}]}},"_links":{"self":[{"href":"https:\/\/overseashost.com\/es\/wp-json\/wp\/v2\/pages\/1262"}],"collection":[{"href":"https:\/\/overseashost.com\/es\/wp-json\/wp\/v2\/pages"}],"about":[{"href":"https:\/\/overseashost.com\/es\/wp-json\/wp\/v2\/types\/page"}],"author":[{"embeddable":true,"href":"https:\/\/overseashost.com\/es\/wp-json\/wp\/v2\/users\/1"}],"replies":[{"embeddable":true,"href":"https:\/\/overseashost.com\/es\/wp-json\/wp\/v2\/comments?post=1262"}],"version-history":[{"count":22,"href":"https:\/\/overseashost.com\/es\/wp-json\/wp\/v2\/pages\/1262\/revisions"}],"predecessor-version":[{"id":2081,"href":"https:\/\/overseashost.com\/es\/wp-json\/wp\/v2\/pages\/1262\/revisions\/2081"}],"wp:featuredmedia":[{"embeddable":true,"href":"https:\/\/overseashost.com\/es\/wp-json\/wp\/v2\/media\/1821"}],"wp:attachment":[{"href":"https:\/\/overseashost.com\/es\/wp-json\/wp\/v2\/media?parent=1262"}],"curies":[{"name":"wp","href":"https:\/\/api.w.org\/{rel}","templated":true}]}}