{"id":1318,"date":"2017-08-16T15:51:32","date_gmt":"2017-08-16T15:51:32","guid":{"rendered":"https:\/\/overseashost.com\/?page_id=1318"},"modified":"2018-02-20T07:13:30","modified_gmt":"2018-02-20T07:13:30","slug":"sitelock","status":"publish","type":"page","link":"https:\/\/overseashost.com\/es\/sitelock\/","title":{"rendered":"(English) Sitelock"},"content":{"rendered":"<p class=\"qtranxs-available-languages-message qtranxs-available-languages-message-es\">Disculpa, pero esta entrada est\u00e1 disponible s\u00f3lo en <a href=\"https:\/\/overseashost.com\/en\/wp-json\/wp\/v2\/pages\/1318\" class=\"qtranxs-available-language-link qtranxs-available-language-link-en\" title=\"English\">Ingl\u00e9s Estadounidense<\/a>.<\/p>","protected":false},"excerpt":{"rendered":"<p>Disculpa, pero esta entrada est\u00e1 disponible s\u00f3lo en Ingl\u00e9s Estadounidense.<\/p>\n","protected":false},"author":1,"featured_media":0,"parent":0,"menu_order":0,"comment_status":"closed","ping_status":"closed","template":"frontpage.php","meta":[],"yoast_head":"<!-- This site is optimized with the Yoast SEO plugin v20.6 - https:\/\/yoast.com\/wordpress\/plugins\/seo\/ -->\n<title>(English) Sitelock - OverseasHost, a robust malware scanner to protect your website<\/title>\n<meta name=\"description\" content=\"(English) Get SiteLock and secure your website from hackers, viruses and malware. Also, it helps you to fix any issues on the websites automatically.\" \/>\n<meta name=\"robots\" content=\"noindex, follow, max-snippet:-1, max-image-preview:large, max-video-preview:-1\" \/>\n<meta property=\"og:locale\" content=\"es_ES\" \/>\n<meta property=\"og:type\" content=\"article\" \/>\n<meta property=\"og:title\" content=\"(English) Sitelock - OverseasHost, a robust malware scanner to protect your website\" \/>\n<meta property=\"og:description\" content=\"(English) Get SiteLock and secure your website from hackers, viruses and malware. Also, it helps you to fix any issues on the websites automatically.\" \/>\n<meta property=\"og:url\" content=\"https:\/\/overseashost.com\/tr\/sitelock\/\" \/>\n<meta property=\"og:site_name\" content=\"OverseasHost\" \/>\n<meta property=\"article:modified_time\" content=\"2018-02-20T07:13:30+00:00\" \/>\n<meta property=\"og:image\" content=\"https:\/\/overseashost.com\/wp-content\/uploads\/2017\/08\/site-lock-bg_tick.png\" \/>\n<meta name=\"twitter:card\" content=\"summary_large_image\" \/>\n<meta name=\"twitter:label1\" content=\"Tiempo de lectura\" \/>\n\t<meta name=\"twitter:data1\" content=\"7 minutos\" \/>\n<script type=\"application\/ld+json\" class=\"yoast-schema-graph\">{\"@context\":\"https:\/\/schema.org\",\"@graph\":[{\"@type\":\"WebPage\",\"@id\":\"https:\/\/overseashost.com\/tr\/sitelock\/\",\"url\":\"https:\/\/overseashost.com\/tr\/sitelock\/\",\"name\":\"(English) Sitelock - OverseasHost, a robust malware scanner to protect your website\",\"isPartOf\":{\"@id\":\"https:\/\/overseashost.com\/#website\"},\"datePublished\":\"2017-08-16T15:51:32+00:00\",\"dateModified\":\"2018-02-20T07:13:30+00:00\",\"description\":\"(English) Get SiteLock and secure your website from hackers, viruses and malware. Also, it helps you to fix any issues on the websites automatically.\",\"breadcrumb\":{\"@id\":\"https:\/\/overseashost.com\/tr\/sitelock\/#breadcrumb\"},\"inLanguage\":\"es\",\"potentialAction\":[{\"@type\":\"ReadAction\",\"target\":[\"https:\/\/overseashost.com\/tr\/sitelock\/\"]}]},{\"@type\":\"BreadcrumbList\",\"@id\":\"https:\/\/overseashost.com\/tr\/sitelock\/#breadcrumb\",\"itemListElement\":[{\"@type\":\"ListItem\",\"position\":1,\"name\":\"Home\",\"item\":\"https:\/\/overseashost.com\/\"},{\"@type\":\"ListItem\",\"position\":2,\"name\":\"(English) Sitelock\"}]},{\"@type\":\"WebSite\",\"@id\":\"https:\/\/overseashost.com\/#website\",\"url\":\"https:\/\/overseashost.com\/\",\"name\":\"OverseasHost\",\"description\":\"OverseasHost Online solutions\",\"potentialAction\":[{\"@type\":\"SearchAction\",\"target\":{\"@type\":\"EntryPoint\",\"urlTemplate\":\"https:\/\/overseashost.com\/?s={search_term_string}\"},\"query-input\":\"required name=search_term_string\"}],\"inLanguage\":\"es\"}]}<\/script>\n<!-- \/ Yoast SEO plugin. -->","yoast_head_json":{"title":"(English) Sitelock - OverseasHost, a robust malware scanner to protect your website","description":"(English) Get SiteLock and secure your website from hackers, viruses and malware. Also, it helps you to fix any issues on the websites automatically.","robots":{"index":"noindex","follow":"follow","max-snippet":"max-snippet:-1","max-image-preview":"max-image-preview:large","max-video-preview":"max-video-preview:-1"},"og_locale":"es_ES","og_type":"article","og_title":"(English) Sitelock - OverseasHost, a robust malware scanner to protect your website","og_description":"(English) Get SiteLock and secure your website from hackers, viruses and malware. Also, it helps you to fix any issues on the websites automatically.","og_url":"https:\/\/overseashost.com\/tr\/sitelock\/","og_site_name":"OverseasHost","article_modified_time":"2018-02-20T07:13:30+00:00","og_image":[{"url":"https:\/\/overseashost.com\/wp-content\/uploads\/2017\/08\/site-lock-bg_tick.png"}],"twitter_card":"summary_large_image","twitter_misc":{"Tiempo de lectura":"7 minutos"},"schema":{"@context":"https:\/\/schema.org","@graph":[{"@type":"WebPage","@id":"https:\/\/overseashost.com\/tr\/sitelock\/","url":"https:\/\/overseashost.com\/tr\/sitelock\/","name":"(English) Sitelock - OverseasHost, a robust malware scanner to protect your website","isPartOf":{"@id":"https:\/\/overseashost.com\/#website"},"datePublished":"2017-08-16T15:51:32+00:00","dateModified":"2018-02-20T07:13:30+00:00","description":"(English) Get SiteLock and secure your website from hackers, viruses and malware. Also, it helps you to fix any issues on the websites automatically.","breadcrumb":{"@id":"https:\/\/overseashost.com\/tr\/sitelock\/#breadcrumb"},"inLanguage":"es","potentialAction":[{"@type":"ReadAction","target":["https:\/\/overseashost.com\/tr\/sitelock\/"]}]},{"@type":"BreadcrumbList","@id":"https:\/\/overseashost.com\/tr\/sitelock\/#breadcrumb","itemListElement":[{"@type":"ListItem","position":1,"name":"Home","item":"https:\/\/overseashost.com\/"},{"@type":"ListItem","position":2,"name":"(English) Sitelock"}]},{"@type":"WebSite","@id":"https:\/\/overseashost.com\/#website","url":"https:\/\/overseashost.com\/","name":"OverseasHost","description":"OverseasHost Online solutions","potentialAction":[{"@type":"SearchAction","target":{"@type":"EntryPoint","urlTemplate":"https:\/\/overseashost.com\/?s={search_term_string}"},"query-input":"required name=search_term_string"}],"inLanguage":"es"}]}},"_links":{"self":[{"href":"https:\/\/overseashost.com\/es\/wp-json\/wp\/v2\/pages\/1318"}],"collection":[{"href":"https:\/\/overseashost.com\/es\/wp-json\/wp\/v2\/pages"}],"about":[{"href":"https:\/\/overseashost.com\/es\/wp-json\/wp\/v2\/types\/page"}],"author":[{"embeddable":true,"href":"https:\/\/overseashost.com\/es\/wp-json\/wp\/v2\/users\/1"}],"replies":[{"embeddable":true,"href":"https:\/\/overseashost.com\/es\/wp-json\/wp\/v2\/comments?post=1318"}],"version-history":[{"count":27,"href":"https:\/\/overseashost.com\/es\/wp-json\/wp\/v2\/pages\/1318\/revisions"}],"predecessor-version":[{"id":2047,"href":"https:\/\/overseashost.com\/es\/wp-json\/wp\/v2\/pages\/1318\/revisions\/2047"}],"wp:attachment":[{"href":"https:\/\/overseashost.com\/es\/wp-json\/wp\/v2\/media?parent=1318"}],"curies":[{"name":"wp","href":"https:\/\/api.w.org\/{rel}","templated":true}]}}