{"id":1342,"date":"2017-08-16T19:56:40","date_gmt":"2017-08-16T19:56:40","guid":{"rendered":"https:\/\/overseashost.com\/?page_id=1342"},"modified":"2018-02-20T07:01:11","modified_gmt":"2018-02-20T07:01:11","slug":"codeguard","status":"publish","type":"page","link":"https:\/\/overseashost.com\/es\/codeguard\/","title":{"rendered":"(English) CodeGuard"},"content":{"rendered":"<p class=\"qtranxs-available-languages-message qtranxs-available-languages-message-es\">Disculpa, pero esta entrada est\u00e1 disponible s\u00f3lo en <a href=\"https:\/\/overseashost.com\/en\/wp-json\/wp\/v2\/pages\/1342\" class=\"qtranxs-available-language-link qtranxs-available-language-link-en\" title=\"English\">Ingl\u00e9s Estadounidense<\/a>.<\/p>","protected":false},"excerpt":{"rendered":"<p>Disculpa, pero esta entrada est\u00e1 disponible s\u00f3lo en Ingl\u00e9s Estadounidense.<\/p>\n","protected":false},"author":1,"featured_media":1814,"parent":0,"menu_order":0,"comment_status":"closed","ping_status":"closed","template":"frontpage.php","meta":[],"yoast_head":"<!-- This site is optimized with the Yoast SEO plugin v20.6 - https:\/\/yoast.com\/wordpress\/plugins\/seo\/ -->\n<title>CodeGuard - Overseashost, A Cloud based backup to safeguard your Data.<\/title>\n<meta name=\"description\" content=\"Secure your website data in just a few minutes. Codeguard is a Cloud backup for your website. CodeGuard&#039;s cloud backup lets you recover your website data\" \/>\n<meta name=\"robots\" content=\"noindex, follow, max-snippet:-1, max-image-preview:large, max-video-preview:-1\" \/>\n<meta property=\"og:locale\" content=\"es_ES\" \/>\n<meta property=\"og:type\" content=\"article\" \/>\n<meta property=\"og:title\" content=\"CodeGuard - Overseashost, A Cloud based backup to safeguard your Data.\" \/>\n<meta property=\"og:description\" content=\"Secure your website data in just a few minutes. Codeguard is a Cloud backup for your website. CodeGuard&#039;s cloud backup lets you recover your website data\" \/>\n<meta property=\"og:url\" content=\"https:\/\/overseashost.com\/codeguard\/\" \/>\n<meta property=\"og:site_name\" content=\"OverseasHost\" \/>\n<meta property=\"article:modified_time\" content=\"2018-02-20T07:01:11+00:00\" \/>\n<meta property=\"og:image\" content=\"https:\/\/overseashost.com\/wp-content\/uploads\/2017\/08\/OverseasHost-Codeguard.jpg\" \/>\n\t<meta property=\"og:image:width\" content=\"351\" \/>\n\t<meta property=\"og:image:height\" content=\"250\" \/>\n\t<meta property=\"og:image:type\" content=\"image\/jpeg\" \/>\n<meta name=\"twitter:card\" content=\"summary_large_image\" \/>\n<meta name=\"twitter:label1\" content=\"Tiempo de lectura\" \/>\n\t<meta name=\"twitter:data1\" content=\"5 minutos\" \/>\n<script type=\"application\/ld+json\" class=\"yoast-schema-graph\">{\"@context\":\"https:\/\/schema.org\",\"@graph\":[{\"@type\":\"WebPage\",\"@id\":\"https:\/\/overseashost.com\/codeguard\/\",\"url\":\"https:\/\/overseashost.com\/codeguard\/\",\"name\":\"CodeGuard - Overseashost, A Cloud based backup to safeguard your Data.\",\"isPartOf\":{\"@id\":\"https:\/\/overseashost.com\/#website\"},\"datePublished\":\"2017-08-16T19:56:40+00:00\",\"dateModified\":\"2018-02-20T07:01:11+00:00\",\"description\":\"Secure your website data in just a few minutes. Codeguard is a Cloud backup for your website. CodeGuard's cloud backup lets you recover your website data\",\"breadcrumb\":{\"@id\":\"https:\/\/overseashost.com\/codeguard\/#breadcrumb\"},\"inLanguage\":\"es\",\"potentialAction\":[{\"@type\":\"ReadAction\",\"target\":[\"https:\/\/overseashost.com\/codeguard\/\"]}]},{\"@type\":\"BreadcrumbList\",\"@id\":\"https:\/\/overseashost.com\/codeguard\/#breadcrumb\",\"itemListElement\":[{\"@type\":\"ListItem\",\"position\":1,\"name\":\"Home\",\"item\":\"https:\/\/overseashost.com\/\"},{\"@type\":\"ListItem\",\"position\":2,\"name\":\"CodeGuard\"}]},{\"@type\":\"WebSite\",\"@id\":\"https:\/\/overseashost.com\/#website\",\"url\":\"https:\/\/overseashost.com\/\",\"name\":\"OverseasHost\",\"description\":\"OverseasHost Online solutions\",\"potentialAction\":[{\"@type\":\"SearchAction\",\"target\":{\"@type\":\"EntryPoint\",\"urlTemplate\":\"https:\/\/overseashost.com\/?s={search_term_string}\"},\"query-input\":\"required name=search_term_string\"}],\"inLanguage\":\"es\"}]}<\/script>\n<!-- \/ Yoast SEO plugin. -->","yoast_head_json":{"title":"CodeGuard - Overseashost, A Cloud based backup to safeguard your Data.","description":"Secure your website data in just a few minutes. Codeguard is a Cloud backup for your website. CodeGuard's cloud backup lets you recover your website data","robots":{"index":"noindex","follow":"follow","max-snippet":"max-snippet:-1","max-image-preview":"max-image-preview:large","max-video-preview":"max-video-preview:-1"},"og_locale":"es_ES","og_type":"article","og_title":"CodeGuard - Overseashost, A Cloud based backup to safeguard your Data.","og_description":"Secure your website data in just a few minutes. Codeguard is a Cloud backup for your website. CodeGuard's cloud backup lets you recover your website data","og_url":"https:\/\/overseashost.com\/codeguard\/","og_site_name":"OverseasHost","article_modified_time":"2018-02-20T07:01:11+00:00","og_image":[{"width":351,"height":250,"url":"https:\/\/overseashost.com\/wp-content\/uploads\/2017\/08\/OverseasHost-Codeguard.jpg","type":"image\/jpeg"}],"twitter_card":"summary_large_image","twitter_misc":{"Tiempo de lectura":"5 minutos"},"schema":{"@context":"https:\/\/schema.org","@graph":[{"@type":"WebPage","@id":"https:\/\/overseashost.com\/codeguard\/","url":"https:\/\/overseashost.com\/codeguard\/","name":"CodeGuard - Overseashost, A Cloud based backup to safeguard your Data.","isPartOf":{"@id":"https:\/\/overseashost.com\/#website"},"datePublished":"2017-08-16T19:56:40+00:00","dateModified":"2018-02-20T07:01:11+00:00","description":"Secure your website data in just a few minutes. Codeguard is a Cloud backup for your website. CodeGuard's cloud backup lets you recover your website data","breadcrumb":{"@id":"https:\/\/overseashost.com\/codeguard\/#breadcrumb"},"inLanguage":"es","potentialAction":[{"@type":"ReadAction","target":["https:\/\/overseashost.com\/codeguard\/"]}]},{"@type":"BreadcrumbList","@id":"https:\/\/overseashost.com\/codeguard\/#breadcrumb","itemListElement":[{"@type":"ListItem","position":1,"name":"Home","item":"https:\/\/overseashost.com\/"},{"@type":"ListItem","position":2,"name":"CodeGuard"}]},{"@type":"WebSite","@id":"https:\/\/overseashost.com\/#website","url":"https:\/\/overseashost.com\/","name":"OverseasHost","description":"OverseasHost Online solutions","potentialAction":[{"@type":"SearchAction","target":{"@type":"EntryPoint","urlTemplate":"https:\/\/overseashost.com\/?s={search_term_string}"},"query-input":"required name=search_term_string"}],"inLanguage":"es"}]}},"_links":{"self":[{"href":"https:\/\/overseashost.com\/es\/wp-json\/wp\/v2\/pages\/1342"}],"collection":[{"href":"https:\/\/overseashost.com\/es\/wp-json\/wp\/v2\/pages"}],"about":[{"href":"https:\/\/overseashost.com\/es\/wp-json\/wp\/v2\/types\/page"}],"author":[{"embeddable":true,"href":"https:\/\/overseashost.com\/es\/wp-json\/wp\/v2\/users\/1"}],"replies":[{"embeddable":true,"href":"https:\/\/overseashost.com\/es\/wp-json\/wp\/v2\/comments?post=1342"}],"version-history":[{"count":15,"href":"https:\/\/overseashost.com\/es\/wp-json\/wp\/v2\/pages\/1342\/revisions"}],"predecessor-version":[{"id":1350,"href":"https:\/\/overseashost.com\/es\/wp-json\/wp\/v2\/pages\/1342\/revisions\/1350"}],"wp:featuredmedia":[{"embeddable":true,"href":"https:\/\/overseashost.com\/es\/wp-json\/wp\/v2\/media\/1814"}],"wp:attachment":[{"href":"https:\/\/overseashost.com\/es\/wp-json\/wp\/v2\/media?parent=1342"}],"curies":[{"name":"wp","href":"https:\/\/api.w.org\/{rel}","templated":true}]}}