{"id":1368,"date":"2017-08-16T21:25:43","date_gmt":"2017-08-16T21:25:43","guid":{"rendered":"https:\/\/overseashost.com\/?page_id=1368"},"modified":"2017-09-03T23:59:02","modified_gmt":"2017-09-03T23:59:02","slug":"combo-offers","status":"publish","type":"page","link":"https:\/\/overseashost.com\/es\/combo-offers\/","title":{"rendered":"(English) Combo Offers"},"content":{"rendered":"<p class=\"qtranxs-available-languages-message qtranxs-available-languages-message-es\">Disculpa, pero esta entrada est\u00e1 disponible s\u00f3lo en <a href=\"https:\/\/overseashost.com\/en\/wp-json\/wp\/v2\/pages\/1368\" class=\"qtranxs-available-language-link qtranxs-available-language-link-en\" title=\"English\">Ingl\u00e9s Estadounidense<\/a>.<\/p>","protected":false},"excerpt":{"rendered":"<p>Disculpa, pero esta entrada est\u00e1 disponible s\u00f3lo en Ingl\u00e9s Estadounidense.<\/p>\n","protected":false},"author":1,"featured_media":1823,"parent":0,"menu_order":0,"comment_status":"closed","ping_status":"closed","template":"frontpage.php","meta":[],"yoast_head":"<!-- This site is optimized with the Yoast SEO plugin v20.6 - https:\/\/yoast.com\/wordpress\/plugins\/seo\/ -->\n<title>Hosting Combo Offers - Overseashost, Choose your bundle and get online.<\/title>\n<meta name=\"description\" content=\"Overseashost gives you the right mix of combo plans to suit your online requirement. Chose your bundle: Domains with Webshosting, Emails or Site builder.\" \/>\n<meta name=\"robots\" content=\"noindex, follow, max-snippet:-1, max-image-preview:large, max-video-preview:-1\" \/>\n<meta property=\"og:locale\" content=\"es_ES\" \/>\n<meta property=\"og:type\" content=\"article\" \/>\n<meta property=\"og:title\" content=\"Hosting Combo Offers - Overseashost, Choose your bundle and get online.\" \/>\n<meta property=\"og:description\" content=\"Overseashost gives you the right mix of combo plans to suit your online requirement. Chose your bundle: Domains with Webshosting, Emails or Site builder.\" \/>\n<meta property=\"og:url\" content=\"https:\/\/overseashost.com\/combo-offers\/\" \/>\n<meta property=\"og:site_name\" content=\"OverseasHost\" \/>\n<meta property=\"article:modified_time\" content=\"2017-09-03T23:59:02+00:00\" \/>\n<meta property=\"og:image\" content=\"https:\/\/overseashost.com\/wp-content\/uploads\/2017\/08\/OverseasHost-Combo-offers.jpg\" \/>\n\t<meta property=\"og:image:width\" content=\"601\" \/>\n\t<meta property=\"og:image:height\" content=\"300\" \/>\n\t<meta property=\"og:image:type\" content=\"image\/jpeg\" \/>\n<meta name=\"twitter:card\" content=\"summary_large_image\" \/>\n<meta name=\"twitter:label1\" content=\"Tiempo de lectura\" \/>\n\t<meta name=\"twitter:data1\" content=\"2 minutos\" \/>\n<script type=\"application\/ld+json\" class=\"yoast-schema-graph\">{\"@context\":\"https:\/\/schema.org\",\"@graph\":[{\"@type\":\"WebPage\",\"@id\":\"https:\/\/overseashost.com\/combo-offers\/\",\"url\":\"https:\/\/overseashost.com\/combo-offers\/\",\"name\":\"Hosting Combo Offers - Overseashost, Choose your bundle and get online.\",\"isPartOf\":{\"@id\":\"https:\/\/overseashost.com\/#website\"},\"datePublished\":\"2017-08-16T21:25:43+00:00\",\"dateModified\":\"2017-09-03T23:59:02+00:00\",\"description\":\"Overseashost gives you the right mix of combo plans to suit your online requirement. Chose your bundle: Domains with Webshosting, Emails or Site builder.\",\"breadcrumb\":{\"@id\":\"https:\/\/overseashost.com\/combo-offers\/#breadcrumb\"},\"inLanguage\":\"es\",\"potentialAction\":[{\"@type\":\"ReadAction\",\"target\":[\"https:\/\/overseashost.com\/combo-offers\/\"]}]},{\"@type\":\"BreadcrumbList\",\"@id\":\"https:\/\/overseashost.com\/combo-offers\/#breadcrumb\",\"itemListElement\":[{\"@type\":\"ListItem\",\"position\":1,\"name\":\"Home\",\"item\":\"https:\/\/overseashost.com\/\"},{\"@type\":\"ListItem\",\"position\":2,\"name\":\"Combo Offers\"}]},{\"@type\":\"WebSite\",\"@id\":\"https:\/\/overseashost.com\/#website\",\"url\":\"https:\/\/overseashost.com\/\",\"name\":\"OverseasHost\",\"description\":\"OverseasHost Online solutions\",\"potentialAction\":[{\"@type\":\"SearchAction\",\"target\":{\"@type\":\"EntryPoint\",\"urlTemplate\":\"https:\/\/overseashost.com\/?s={search_term_string}\"},\"query-input\":\"required name=search_term_string\"}],\"inLanguage\":\"es\"}]}<\/script>\n<!-- \/ Yoast SEO plugin. -->","yoast_head_json":{"title":"Hosting Combo Offers - Overseashost, Choose your bundle and get online.","description":"Overseashost gives you the right mix of combo plans to suit your online requirement. Chose your bundle: Domains with Webshosting, Emails or Site builder.","robots":{"index":"noindex","follow":"follow","max-snippet":"max-snippet:-1","max-image-preview":"max-image-preview:large","max-video-preview":"max-video-preview:-1"},"og_locale":"es_ES","og_type":"article","og_title":"Hosting Combo Offers - Overseashost, Choose your bundle and get online.","og_description":"Overseashost gives you the right mix of combo plans to suit your online requirement. Chose your bundle: Domains with Webshosting, Emails or Site builder.","og_url":"https:\/\/overseashost.com\/combo-offers\/","og_site_name":"OverseasHost","article_modified_time":"2017-09-03T23:59:02+00:00","og_image":[{"width":601,"height":300,"url":"https:\/\/overseashost.com\/wp-content\/uploads\/2017\/08\/OverseasHost-Combo-offers.jpg","type":"image\/jpeg"}],"twitter_card":"summary_large_image","twitter_misc":{"Tiempo de lectura":"2 minutos"},"schema":{"@context":"https:\/\/schema.org","@graph":[{"@type":"WebPage","@id":"https:\/\/overseashost.com\/combo-offers\/","url":"https:\/\/overseashost.com\/combo-offers\/","name":"Hosting Combo Offers - Overseashost, Choose your bundle and get online.","isPartOf":{"@id":"https:\/\/overseashost.com\/#website"},"datePublished":"2017-08-16T21:25:43+00:00","dateModified":"2017-09-03T23:59:02+00:00","description":"Overseashost gives you the right mix of combo plans to suit your online requirement. Chose your bundle: Domains with Webshosting, Emails or Site builder.","breadcrumb":{"@id":"https:\/\/overseashost.com\/combo-offers\/#breadcrumb"},"inLanguage":"es","potentialAction":[{"@type":"ReadAction","target":["https:\/\/overseashost.com\/combo-offers\/"]}]},{"@type":"BreadcrumbList","@id":"https:\/\/overseashost.com\/combo-offers\/#breadcrumb","itemListElement":[{"@type":"ListItem","position":1,"name":"Home","item":"https:\/\/overseashost.com\/"},{"@type":"ListItem","position":2,"name":"Combo Offers"}]},{"@type":"WebSite","@id":"https:\/\/overseashost.com\/#website","url":"https:\/\/overseashost.com\/","name":"OverseasHost","description":"OverseasHost Online solutions","potentialAction":[{"@type":"SearchAction","target":{"@type":"EntryPoint","urlTemplate":"https:\/\/overseashost.com\/?s={search_term_string}"},"query-input":"required name=search_term_string"}],"inLanguage":"es"}]}},"_links":{"self":[{"href":"https:\/\/overseashost.com\/es\/wp-json\/wp\/v2\/pages\/1368"}],"collection":[{"href":"https:\/\/overseashost.com\/es\/wp-json\/wp\/v2\/pages"}],"about":[{"href":"https:\/\/overseashost.com\/es\/wp-json\/wp\/v2\/types\/page"}],"author":[{"embeddable":true,"href":"https:\/\/overseashost.com\/es\/wp-json\/wp\/v2\/users\/1"}],"replies":[{"embeddable":true,"href":"https:\/\/overseashost.com\/es\/wp-json\/wp\/v2\/comments?post=1368"}],"version-history":[{"count":24,"href":"https:\/\/overseashost.com\/es\/wp-json\/wp\/v2\/pages\/1368\/revisions"}],"predecessor-version":[{"id":1881,"href":"https:\/\/overseashost.com\/es\/wp-json\/wp\/v2\/pages\/1368\/revisions\/1881"}],"wp:featuredmedia":[{"embeddable":true,"href":"https:\/\/overseashost.com\/es\/wp-json\/wp\/v2\/media\/1823"}],"wp:attachment":[{"href":"https:\/\/overseashost.com\/es\/wp-json\/wp\/v2\/media?parent=1368"}],"curies":[{"name":"wp","href":"https:\/\/api.w.org\/{rel}","templated":true}]}}