{"id":1486,"date":"2017-08-19T06:25:57","date_gmt":"2017-08-19T06:25:57","guid":{"rendered":"https:\/\/overseashost.com\/?page_id=1486"},"modified":"2018-04-17T15:53:07","modified_gmt":"2018-04-17T15:53:07","slug":"managed-servers-linux","status":"publish","type":"page","link":"https:\/\/overseashost.com\/es\/managed-servers-linux\/","title":{"rendered":"(English) Managed Servers Linux"},"content":{"rendered":"<p class=\"qtranxs-available-languages-message qtranxs-available-languages-message-es\">Disculpa, pero esta entrada est\u00e1 disponible s\u00f3lo en <a href=\"https:\/\/overseashost.com\/en\/wp-json\/wp\/v2\/pages\/1486\" class=\"qtranxs-available-language-link qtranxs-available-language-link-en\" title=\"English\">Ingl\u00e9s Estadounidense<\/a>.<\/p>","protected":false},"excerpt":{"rendered":"<p>Disculpa, pero esta entrada est\u00e1 disponible s\u00f3lo en Ingl\u00e9s Estadounidense.<\/p>\n","protected":false},"author":1,"featured_media":1815,"parent":0,"menu_order":0,"comment_status":"closed","ping_status":"closed","template":"frontpage.php","meta":[],"yoast_head":"<!-- This site is optimized with the Yoast SEO plugin v20.6 - https:\/\/yoast.com\/wordpress\/plugins\/seo\/ -->\n<title>(English) Managed Dedicated Servers (Linux) by OverseasHost<\/title>\n<meta name=\"description\" content=\"(English) OverseasHost provides cutting edge Managed Servers with end-to-end support provided by our in-house experts to help manage your server\" \/>\n<meta name=\"robots\" content=\"noindex, follow, max-snippet:-1, max-image-preview:large, max-video-preview:-1\" \/>\n<meta property=\"og:locale\" content=\"es_ES\" \/>\n<meta property=\"og:type\" content=\"article\" \/>\n<meta property=\"og:title\" content=\"(English) Managed Dedicated Servers (Linux) by OverseasHost\" \/>\n<meta property=\"og:description\" content=\"(English) OverseasHost provides cutting edge Managed Servers with end-to-end support provided by our in-house experts to help manage your server\" \/>\n<meta property=\"og:url\" content=\"https:\/\/overseashost.com\/de\/managed-servers-linux\/\" \/>\n<meta property=\"og:site_name\" content=\"OverseasHost\" \/>\n<meta property=\"article:modified_time\" content=\"2018-04-17T15:53:07+00:00\" \/>\n<meta property=\"og:image\" content=\"https:\/\/overseashost.com\/wp-content\/uploads\/2017\/08\/OverseasHost-Manged-Servers.jpg\" \/>\n\t<meta property=\"og:image:width\" content=\"385\" \/>\n\t<meta property=\"og:image:height\" content=\"250\" \/>\n\t<meta property=\"og:image:type\" content=\"image\/jpeg\" \/>\n<meta name=\"twitter:card\" content=\"summary_large_image\" \/>\n<meta name=\"twitter:label1\" content=\"Tiempo de lectura\" \/>\n\t<meta name=\"twitter:data1\" content=\"4 minutos\" \/>\n<script type=\"application\/ld+json\" class=\"yoast-schema-graph\">{\"@context\":\"https:\/\/schema.org\",\"@graph\":[{\"@type\":\"WebPage\",\"@id\":\"https:\/\/overseashost.com\/de\/managed-servers-linux\/\",\"url\":\"https:\/\/overseashost.com\/de\/managed-servers-linux\/\",\"name\":\"(English) Managed Dedicated Servers (Linux) by OverseasHost\",\"isPartOf\":{\"@id\":\"https:\/\/overseashost.com\/#website\"},\"datePublished\":\"2017-08-19T06:25:57+00:00\",\"dateModified\":\"2018-04-17T15:53:07+00:00\",\"description\":\"(English) OverseasHost provides cutting edge Managed Servers with end-to-end support provided by our in-house experts to help manage your server\",\"breadcrumb\":{\"@id\":\"https:\/\/overseashost.com\/de\/managed-servers-linux\/#breadcrumb\"},\"inLanguage\":\"es\",\"potentialAction\":[{\"@type\":\"ReadAction\",\"target\":[\"https:\/\/overseashost.com\/de\/managed-servers-linux\/\"]}]},{\"@type\":\"BreadcrumbList\",\"@id\":\"https:\/\/overseashost.com\/de\/managed-servers-linux\/#breadcrumb\",\"itemListElement\":[{\"@type\":\"ListItem\",\"position\":1,\"name\":\"Home\",\"item\":\"https:\/\/overseashost.com\/\"},{\"@type\":\"ListItem\",\"position\":2,\"name\":\"(English) Managed Servers Linux\"}]},{\"@type\":\"WebSite\",\"@id\":\"https:\/\/overseashost.com\/#website\",\"url\":\"https:\/\/overseashost.com\/\",\"name\":\"OverseasHost\",\"description\":\"OverseasHost Online solutions\",\"potentialAction\":[{\"@type\":\"SearchAction\",\"target\":{\"@type\":\"EntryPoint\",\"urlTemplate\":\"https:\/\/overseashost.com\/?s={search_term_string}\"},\"query-input\":\"required name=search_term_string\"}],\"inLanguage\":\"es\"}]}<\/script>\n<!-- \/ Yoast SEO plugin. -->","yoast_head_json":{"title":"(English) Managed Dedicated Servers (Linux) by OverseasHost","description":"(English) OverseasHost provides cutting edge Managed Servers with end-to-end support provided by our in-house experts to help manage your server","robots":{"index":"noindex","follow":"follow","max-snippet":"max-snippet:-1","max-image-preview":"max-image-preview:large","max-video-preview":"max-video-preview:-1"},"og_locale":"es_ES","og_type":"article","og_title":"(English) Managed Dedicated Servers (Linux) by OverseasHost","og_description":"(English) OverseasHost provides cutting edge Managed Servers with end-to-end support provided by our in-house experts to help manage your server","og_url":"https:\/\/overseashost.com\/de\/managed-servers-linux\/","og_site_name":"OverseasHost","article_modified_time":"2018-04-17T15:53:07+00:00","og_image":[{"width":385,"height":250,"url":"https:\/\/overseashost.com\/wp-content\/uploads\/2017\/08\/OverseasHost-Manged-Servers.jpg","type":"image\/jpeg"}],"twitter_card":"summary_large_image","twitter_misc":{"Tiempo de lectura":"4 minutos"},"schema":{"@context":"https:\/\/schema.org","@graph":[{"@type":"WebPage","@id":"https:\/\/overseashost.com\/de\/managed-servers-linux\/","url":"https:\/\/overseashost.com\/de\/managed-servers-linux\/","name":"(English) Managed Dedicated Servers (Linux) by OverseasHost","isPartOf":{"@id":"https:\/\/overseashost.com\/#website"},"datePublished":"2017-08-19T06:25:57+00:00","dateModified":"2018-04-17T15:53:07+00:00","description":"(English) OverseasHost provides cutting edge Managed Servers with end-to-end support provided by our in-house experts to help manage your server","breadcrumb":{"@id":"https:\/\/overseashost.com\/de\/managed-servers-linux\/#breadcrumb"},"inLanguage":"es","potentialAction":[{"@type":"ReadAction","target":["https:\/\/overseashost.com\/de\/managed-servers-linux\/"]}]},{"@type":"BreadcrumbList","@id":"https:\/\/overseashost.com\/de\/managed-servers-linux\/#breadcrumb","itemListElement":[{"@type":"ListItem","position":1,"name":"Home","item":"https:\/\/overseashost.com\/"},{"@type":"ListItem","position":2,"name":"(English) Managed Servers Linux"}]},{"@type":"WebSite","@id":"https:\/\/overseashost.com\/#website","url":"https:\/\/overseashost.com\/","name":"OverseasHost","description":"OverseasHost Online solutions","potentialAction":[{"@type":"SearchAction","target":{"@type":"EntryPoint","urlTemplate":"https:\/\/overseashost.com\/?s={search_term_string}"},"query-input":"required name=search_term_string"}],"inLanguage":"es"}]}},"_links":{"self":[{"href":"https:\/\/overseashost.com\/es\/wp-json\/wp\/v2\/pages\/1486"}],"collection":[{"href":"https:\/\/overseashost.com\/es\/wp-json\/wp\/v2\/pages"}],"about":[{"href":"https:\/\/overseashost.com\/es\/wp-json\/wp\/v2\/types\/page"}],"author":[{"embeddable":true,"href":"https:\/\/overseashost.com\/es\/wp-json\/wp\/v2\/users\/1"}],"replies":[{"embeddable":true,"href":"https:\/\/overseashost.com\/es\/wp-json\/wp\/v2\/comments?post=1486"}],"version-history":[{"count":27,"href":"https:\/\/overseashost.com\/es\/wp-json\/wp\/v2\/pages\/1486\/revisions"}],"predecessor-version":[{"id":2067,"href":"https:\/\/overseashost.com\/es\/wp-json\/wp\/v2\/pages\/1486\/revisions\/2067"}],"wp:featuredmedia":[{"embeddable":true,"href":"https:\/\/overseashost.com\/es\/wp-json\/wp\/v2\/media\/1815"}],"wp:attachment":[{"href":"https:\/\/overseashost.com\/es\/wp-json\/wp\/v2\/media?parent=1486"}],"curies":[{"name":"wp","href":"https:\/\/api.w.org\/{rel}","templated":true}]}}